{"id":913,"date":"2020-10-16T13:58:21","date_gmt":"2020-10-16T11:58:21","guid":{"rendered":"https:\/\/www.balicenka.cz\/narok\/produkt\/dr-ensa-pistacie-prazene-solene-60g\/"},"modified":"2025-02-07T16:55:21","modified_gmt":"2025-02-07T15:55:21","slug":"dr-ensa-pistacie-prazene-solene-60g","status":"publish","type":"product","link":"https:\/\/www.balicenka.cz\/narok\/produkt\/dr-ensa-pistacie-prazene-solene-60g\/","title":{"rendered":"Dr. Ensa pist\u00e1cie pra\u017een\u00e9 solen\u00e9 60g"},"content":{"rendered":"<p class=\"popis\">Cukrovinky a pochutiny &#8211; Dr. Ensa pist\u00e1cie pra\u017een\u00e9 solen\u00e9 60g<\/p>\n<p class=\"vaha\"><strong>V\u00e1ha balen\u00ed brutto:\u00a0<\/strong> 62 g<\/p>\n<p class=\"18let\">\n","protected":false},"excerpt":{"rendered":"<p>Cukrovinky a pochutiny &#8211; Dr. Ensa pist\u00e1cie pra\u017een\u00e9 solen\u00e9 60g V\u00e1ha balen\u00ed brutto:\u00a0 62 g<\/p>\n","protected":false},"featured_media":914,"template":"","meta":{"_et_pb_use_builder":"","_et_pb_old_content":"","_et_gb_content_width":"","inline_featured_image":false},"product_brand":[],"product_cat":[63],"product_tag":[42],"class_list":{"0":"post-913","1":"product","2":"type-product","3":"status-publish","4":"has-post-thumbnail","6":"product_cat-slane","7":"product_tag-narokovy-balik","9":"first","10":"instock","11":"taxable","12":"shipping-taxable","13":"purchasable","14":"product-type-simple"},"_links":{"self":[{"href":"https:\/\/www.balicenka.cz\/narok\/wp-json\/wp\/v2\/product\/913","targetHints":{"allow":["GET"]}}],"collection":[{"href":"https:\/\/www.balicenka.cz\/narok\/wp-json\/wp\/v2\/product"}],"about":[{"href":"https:\/\/www.balicenka.cz\/narok\/wp-json\/wp\/v2\/types\/product"}],"wp:featuredmedia":[{"embeddable":true,"href":"https:\/\/www.balicenka.cz\/narok\/wp-json\/wp\/v2\/media\/914"}],"wp:attachment":[{"href":"https:\/\/www.balicenka.cz\/narok\/wp-json\/wp\/v2\/media?parent=913"}],"wp:term":[{"taxonomy":"product_brand","embeddable":true,"href":"https:\/\/www.balicenka.cz\/narok\/wp-json\/wp\/v2\/product_brand?post=913"},{"taxonomy":"product_cat","embeddable":true,"href":"https:\/\/www.balicenka.cz\/narok\/wp-json\/wp\/v2\/product_cat?post=913"},{"taxonomy":"product_tag","embeddable":true,"href":"https:\/\/www.balicenka.cz\/narok\/wp-json\/wp\/v2\/product_tag?post=913"}],"curies":[{"name":"wp","href":"https:\/\/api.w.org\/{rel}","templated":true}]}}