{"id":813,"date":"2020-10-16T13:57:31","date_gmt":"2020-10-16T11:57:31","guid":{"rendered":"https:\/\/www.balicenka.cz\/narok\/produkt\/milka-cokolada-alpine-milk-100g\/"},"modified":"2025-02-07T16:55:16","modified_gmt":"2025-02-07T15:55:16","slug":"milka-cokolada-alpine-milk-100g","status":"publish","type":"product","link":"https:\/\/www.balicenka.cz\/narok\/produkt\/milka-cokolada-alpine-milk-100g\/","title":{"rendered":"Milka \u010cokol\u00e1da Alpine Milk 100g"},"content":{"rendered":"<p class=\"popis\">Cukrovinky a pochutiny &#8211; Milka \u010cokol\u00e1da Alpine Milk 100g<\/p>\n<p class=\"vaha\"><strong>V\u00e1ha balen\u00ed brutto:\u00a0<\/strong> 102 g<\/p>\n<p class=\"18let\">\n","protected":false},"excerpt":{"rendered":"<p>Cukrovinky a pochutiny &#8211; Milka \u010cokol\u00e1da Alpine Milk 100g V\u00e1ha balen\u00ed brutto:\u00a0 102 g<\/p>\n","protected":false},"featured_media":814,"template":"","meta":{"_et_pb_use_builder":"","_et_pb_old_content":"","_et_gb_content_width":"","inline_featured_image":false},"product_brand":[],"product_cat":[62],"product_tag":[42],"class_list":{"0":"post-813","1":"product","2":"type-product","3":"status-publish","4":"has-post-thumbnail","6":"product_cat-sladke","7":"product_tag-narokovy-balik","9":"first","10":"instock","11":"taxable","12":"shipping-taxable","13":"purchasable","14":"product-type-simple"},"_links":{"self":[{"href":"https:\/\/www.balicenka.cz\/narok\/wp-json\/wp\/v2\/product\/813","targetHints":{"allow":["GET"]}}],"collection":[{"href":"https:\/\/www.balicenka.cz\/narok\/wp-json\/wp\/v2\/product"}],"about":[{"href":"https:\/\/www.balicenka.cz\/narok\/wp-json\/wp\/v2\/types\/product"}],"wp:featuredmedia":[{"embeddable":true,"href":"https:\/\/www.balicenka.cz\/narok\/wp-json\/wp\/v2\/media\/814"}],"wp:attachment":[{"href":"https:\/\/www.balicenka.cz\/narok\/wp-json\/wp\/v2\/media?parent=813"}],"wp:term":[{"taxonomy":"product_brand","embeddable":true,"href":"https:\/\/www.balicenka.cz\/narok\/wp-json\/wp\/v2\/product_brand?post=813"},{"taxonomy":"product_cat","embeddable":true,"href":"https:\/\/www.balicenka.cz\/narok\/wp-json\/wp\/v2\/product_cat?post=813"},{"taxonomy":"product_tag","embeddable":true,"href":"https:\/\/www.balicenka.cz\/narok\/wp-json\/wp\/v2\/product_tag?post=813"}],"curies":[{"name":"wp","href":"https:\/\/api.w.org\/{rel}","templated":true}]}}