{"id":2853,"date":"2022-01-24T20:11:08","date_gmt":"2022-01-24T19:11:08","guid":{"rendered":"https:\/\/www.balicenka.cz\/narok\/?post_type=product&#038;p=2853"},"modified":"2025-02-07T16:56:03","modified_gmt":"2025-02-07T15:56:03","slug":"flipz-milk-chocolate-90g","status":"publish","type":"product","link":"https:\/\/www.balicenka.cz\/narok\/produkt\/flipz-milk-chocolate-90g\/","title":{"rendered":"Flipz Milk Chocolate 90g"},"content":{"rendered":"<p>Trvanliv\u00e9 &#8211; slan\u00e9 &#8211; Flipz Milk Chocolate 90g<\/p>\n<p>V\u00e1ha balen\u00ed brutto: 95g<\/p>\n","protected":false},"excerpt":{"rendered":"<p>Trvanliv\u00e9 &#8211; slan\u00e9 &#8211; Flipz Milk Chocolate 90g V\u00e1ha balen\u00ed brutto: 95g<\/p>\n","protected":false},"featured_media":2854,"template":"","meta":{"_et_pb_use_builder":"","_et_pb_old_content":"","_et_gb_content_width":"","inline_featured_image":false},"product_brand":[],"product_cat":[63],"product_tag":[42],"class_list":{"0":"post-2853","1":"product","2":"type-product","3":"status-publish","4":"has-post-thumbnail","6":"product_cat-slane","7":"product_tag-narokovy-balik","9":"first","10":"instock","11":"taxable","12":"shipping-taxable","13":"purchasable","14":"product-type-simple"},"_links":{"self":[{"href":"https:\/\/www.balicenka.cz\/narok\/wp-json\/wp\/v2\/product\/2853","targetHints":{"allow":["GET"]}}],"collection":[{"href":"https:\/\/www.balicenka.cz\/narok\/wp-json\/wp\/v2\/product"}],"about":[{"href":"https:\/\/www.balicenka.cz\/narok\/wp-json\/wp\/v2\/types\/product"}],"wp:featuredmedia":[{"embeddable":true,"href":"https:\/\/www.balicenka.cz\/narok\/wp-json\/wp\/v2\/media\/2854"}],"wp:attachment":[{"href":"https:\/\/www.balicenka.cz\/narok\/wp-json\/wp\/v2\/media?parent=2853"}],"wp:term":[{"taxonomy":"product_brand","embeddable":true,"href":"https:\/\/www.balicenka.cz\/narok\/wp-json\/wp\/v2\/product_brand?post=2853"},{"taxonomy":"product_cat","embeddable":true,"href":"https:\/\/www.balicenka.cz\/narok\/wp-json\/wp\/v2\/product_cat?post=2853"},{"taxonomy":"product_tag","embeddable":true,"href":"https:\/\/www.balicenka.cz\/narok\/wp-json\/wp\/v2\/product_tag?post=2853"}],"curies":[{"name":"wp","href":"https:\/\/api.w.org\/{rel}","templated":true}]}}