{"id":2847,"date":"2022-01-24T20:07:12","date_gmt":"2022-01-24T19:07:12","guid":{"rendered":"https:\/\/www.balicenka.cz\/narok\/?post_type=product&#038;p=2847"},"modified":"2025-02-07T16:56:02","modified_gmt":"2025-02-07T15:56:02","slug":"bohemia-z-pece-tycinky-syrove-85g","status":"publish","type":"product","link":"https:\/\/www.balicenka.cz\/narok\/produkt\/bohemia-z-pece-tycinky-syrove-85g\/","title":{"rendered":"Bohemia Z pece ty\u010dinky s\u00fdrov\u00e9 85g"},"content":{"rendered":"<p>Trvanliv\u00e9 &#8211; slan\u00e9 &#8211; Bohemia Z pece ty\u010dinky s\u00fdrov\u00e9<\/p>\n<p>V\u00e1ha balen\u00ed brutto: 90g<\/p>\n","protected":false},"excerpt":{"rendered":"<p>Trvanliv\u00e9 &#8211; slan\u00e9 &#8211; Bohemia Z pece ty\u010dinky s\u00fdrov\u00e9 V\u00e1ha balen\u00ed brutto: 90g<\/p>\n","protected":false},"featured_media":2848,"template":"","meta":{"_et_pb_use_builder":"","_et_pb_old_content":"","_et_gb_content_width":"","inline_featured_image":false},"product_brand":[],"product_cat":[63],"product_tag":[42],"class_list":{"0":"post-2847","1":"product","2":"type-product","3":"status-publish","4":"has-post-thumbnail","6":"product_cat-slane","7":"product_tag-narokovy-balik","9":"first","10":"instock","11":"taxable","12":"shipping-taxable","13":"purchasable","14":"product-type-simple"},"_links":{"self":[{"href":"https:\/\/www.balicenka.cz\/narok\/wp-json\/wp\/v2\/product\/2847","targetHints":{"allow":["GET"]}}],"collection":[{"href":"https:\/\/www.balicenka.cz\/narok\/wp-json\/wp\/v2\/product"}],"about":[{"href":"https:\/\/www.balicenka.cz\/narok\/wp-json\/wp\/v2\/types\/product"}],"wp:featuredmedia":[{"embeddable":true,"href":"https:\/\/www.balicenka.cz\/narok\/wp-json\/wp\/v2\/media\/2848"}],"wp:attachment":[{"href":"https:\/\/www.balicenka.cz\/narok\/wp-json\/wp\/v2\/media?parent=2847"}],"wp:term":[{"taxonomy":"product_brand","embeddable":true,"href":"https:\/\/www.balicenka.cz\/narok\/wp-json\/wp\/v2\/product_brand?post=2847"},{"taxonomy":"product_cat","embeddable":true,"href":"https:\/\/www.balicenka.cz\/narok\/wp-json\/wp\/v2\/product_cat?post=2847"},{"taxonomy":"product_tag","embeddable":true,"href":"https:\/\/www.balicenka.cz\/narok\/wp-json\/wp\/v2\/product_tag?post=2847"}],"curies":[{"name":"wp","href":"https:\/\/api.w.org\/{rel}","templated":true}]}}