{"id":2702,"date":"2021-12-01T09:15:49","date_gmt":"2021-12-01T08:15:49","guid":{"rendered":"https:\/\/www.balicenka.cz\/narok\/?post_type=product&#038;p=2702"},"modified":"2025-02-07T16:56:01","modified_gmt":"2025-02-07T15:56:01","slug":"sussina-stevia-11g-200-tablet","status":"publish","type":"product","link":"https:\/\/www.balicenka.cz\/narok\/produkt\/sussina-stevia-11g-200-tablet\/","title":{"rendered":"S\u00fcssina Stevia Sladidlo 11g &#8211; 200 tablet"},"content":{"rendered":"<p>Dochucovadla &#8211; S\u00fcssina Stevia 11g &#8211; 200 tablet<\/p>\n<p>V\u00e1ha balen\u00ed brutto:\u00a0 20g<\/p>\n","protected":false},"excerpt":{"rendered":"<p>Dochucovadla &#8211; S\u00fcssina Stevia 11g &#8211; 200 tablet V\u00e1ha balen\u00ed brutto:\u00a0 20g<\/p>\n","protected":false},"featured_media":2703,"template":"","meta":{"_et_pb_use_builder":"","_et_pb_old_content":"","_et_gb_content_width":"","inline_featured_image":false},"product_brand":[],"product_cat":[60],"product_tag":[42],"class_list":{"0":"post-2702","1":"product","2":"type-product","3":"status-publish","4":"has-post-thumbnail","6":"product_cat-dochucovadla","7":"product_tag-narokovy-balik","9":"first","10":"instock","11":"taxable","12":"shipping-taxable","13":"purchasable","14":"product-type-simple"},"_links":{"self":[{"href":"https:\/\/www.balicenka.cz\/narok\/wp-json\/wp\/v2\/product\/2702","targetHints":{"allow":["GET"]}}],"collection":[{"href":"https:\/\/www.balicenka.cz\/narok\/wp-json\/wp\/v2\/product"}],"about":[{"href":"https:\/\/www.balicenka.cz\/narok\/wp-json\/wp\/v2\/types\/product"}],"wp:featuredmedia":[{"embeddable":true,"href":"https:\/\/www.balicenka.cz\/narok\/wp-json\/wp\/v2\/media\/2703"}],"wp:attachment":[{"href":"https:\/\/www.balicenka.cz\/narok\/wp-json\/wp\/v2\/media?parent=2702"}],"wp:term":[{"taxonomy":"product_brand","embeddable":true,"href":"https:\/\/www.balicenka.cz\/narok\/wp-json\/wp\/v2\/product_brand?post=2702"},{"taxonomy":"product_cat","embeddable":true,"href":"https:\/\/www.balicenka.cz\/narok\/wp-json\/wp\/v2\/product_cat?post=2702"},{"taxonomy":"product_tag","embeddable":true,"href":"https:\/\/www.balicenka.cz\/narok\/wp-json\/wp\/v2\/product_tag?post=2702"}],"curies":[{"name":"wp","href":"https:\/\/api.w.org\/{rel}","templated":true}]}}