{"id":1956,"date":"2020-11-05T18:27:01","date_gmt":"2020-11-05T17:27:01","guid":{"rendered":"https:\/\/www.balicenka.cz\/narok\/?post_type=product&#038;p=1956"},"modified":"2025-02-07T16:55:53","modified_gmt":"2025-02-07T15:55:53","slug":"vasco-da-gama-no-2-claro-5ks","status":"publish","type":"product","link":"https:\/\/www.balicenka.cz\/narok\/produkt\/vasco-da-gama-no-2-claro-5ks\/","title":{"rendered":"Vasco da Gama No.2 Claro 5ks"},"content":{"rendered":"<p>Doutn\u00edky &#8211; Vasco da Gama No.2 Claro 5ks<\/p>\n<p>V\u00e1ha balen\u00ed brutto:\u00a0 20g<\/p>\n<p>Od 18 let<\/p>\n","protected":false},"excerpt":{"rendered":"<p>Doutn\u00edky &#8211; Vasco da Gama No.2 Claro 5ks V\u00e1ha balen\u00ed brutto:\u00a0 20g Od 18 let<\/p>\n","protected":false},"featured_media":1957,"template":"","meta":{"_et_pb_use_builder":"","_et_pb_old_content":"","_et_gb_content_width":"","inline_featured_image":false},"product_brand":[],"product_cat":[23],"product_tag":[42,17],"class_list":{"0":"post-1956","1":"product","2":"type-product","3":"status-publish","4":"has-post-thumbnail","6":"product_cat-doutniky","7":"product_tag-narokovy-balik","8":"product_tag-od-18-let","10":"first","11":"instock","12":"taxable","13":"shipping-taxable","14":"purchasable","15":"product-type-simple"},"_links":{"self":[{"href":"https:\/\/www.balicenka.cz\/narok\/wp-json\/wp\/v2\/product\/1956","targetHints":{"allow":["GET"]}}],"collection":[{"href":"https:\/\/www.balicenka.cz\/narok\/wp-json\/wp\/v2\/product"}],"about":[{"href":"https:\/\/www.balicenka.cz\/narok\/wp-json\/wp\/v2\/types\/product"}],"wp:featuredmedia":[{"embeddable":true,"href":"https:\/\/www.balicenka.cz\/narok\/wp-json\/wp\/v2\/media\/1957"}],"wp:attachment":[{"href":"https:\/\/www.balicenka.cz\/narok\/wp-json\/wp\/v2\/media?parent=1956"}],"wp:term":[{"taxonomy":"product_brand","embeddable":true,"href":"https:\/\/www.balicenka.cz\/narok\/wp-json\/wp\/v2\/product_brand?post=1956"},{"taxonomy":"product_cat","embeddable":true,"href":"https:\/\/www.balicenka.cz\/narok\/wp-json\/wp\/v2\/product_cat?post=1956"},{"taxonomy":"product_tag","embeddable":true,"href":"https:\/\/www.balicenka.cz\/narok\/wp-json\/wp\/v2\/product_tag?post=1956"}],"curies":[{"name":"wp","href":"https:\/\/api.w.org\/{rel}","templated":true}]}}