{"id":1479,"date":"2020-10-16T14:02:08","date_gmt":"2020-10-16T12:02:08","guid":{"rendered":"https:\/\/www.balicenka.cz\/narok\/produkt\/paprika-sladka-mleta-25g\/"},"modified":"2025-02-07T16:55:46","modified_gmt":"2025-02-07T15:55:46","slug":"paprika-sladka-mleta-25g","status":"publish","type":"product","link":"https:\/\/www.balicenka.cz\/narok\/produkt\/paprika-sladka-mleta-25g\/","title":{"rendered":"Paprika sladk\u00e1 mlet\u00e1 25g"},"content":{"rendered":"<p class=\"popis\">Trvanliv\u00e9 potraviny &#8211; Paprika sladk\u00e1 mlet\u00e1 25g<\/p>\n<p class=\"vaha\"><strong>V\u00e1ha balen\u00ed brutto:\u00a0<\/strong> 26 g<\/p>\n<p class=\"18let\">\n","protected":false},"excerpt":{"rendered":"<p>Trvanliv\u00e9 potraviny &#8211; Paprika sladk\u00e1 mlet\u00e1 25g V\u00e1ha balen\u00ed brutto:\u00a0 26 g<\/p>\n","protected":false},"featured_media":1480,"template":"","meta":{"_et_pb_use_builder":"","_et_pb_old_content":"","_et_gb_content_width":"","inline_featured_image":false},"product_brand":[],"product_cat":[60],"product_tag":[42],"class_list":{"0":"post-1479","1":"product","2":"type-product","3":"status-publish","4":"has-post-thumbnail","6":"product_cat-dochucovadla","7":"product_tag-narokovy-balik","9":"first","10":"instock","11":"taxable","12":"shipping-taxable","13":"purchasable","14":"product-type-simple"},"_links":{"self":[{"href":"https:\/\/www.balicenka.cz\/narok\/wp-json\/wp\/v2\/product\/1479","targetHints":{"allow":["GET"]}}],"collection":[{"href":"https:\/\/www.balicenka.cz\/narok\/wp-json\/wp\/v2\/product"}],"about":[{"href":"https:\/\/www.balicenka.cz\/narok\/wp-json\/wp\/v2\/types\/product"}],"wp:featuredmedia":[{"embeddable":true,"href":"https:\/\/www.balicenka.cz\/narok\/wp-json\/wp\/v2\/media\/1480"}],"wp:attachment":[{"href":"https:\/\/www.balicenka.cz\/narok\/wp-json\/wp\/v2\/media?parent=1479"}],"wp:term":[{"taxonomy":"product_brand","embeddable":true,"href":"https:\/\/www.balicenka.cz\/narok\/wp-json\/wp\/v2\/product_brand?post=1479"},{"taxonomy":"product_cat","embeddable":true,"href":"https:\/\/www.balicenka.cz\/narok\/wp-json\/wp\/v2\/product_cat?post=1479"},{"taxonomy":"product_tag","embeddable":true,"href":"https:\/\/www.balicenka.cz\/narok\/wp-json\/wp\/v2\/product_tag?post=1479"}],"curies":[{"name":"wp","href":"https:\/\/api.w.org\/{rel}","templated":true}]}}