{"id":1396,"date":"2020-10-16T14:01:34","date_gmt":"2020-10-16T12:01:34","guid":{"rendered":"https:\/\/www.balicenka.cz\/narok\/produkt\/ps-blue-30g\/"},"modified":"2025-02-07T16:55:40","modified_gmt":"2025-02-07T15:55:40","slug":"ps-blue-30g","status":"publish","type":"product","link":"https:\/\/www.balicenka.cz\/narok\/produkt\/ps-blue-30g\/","title":{"rendered":"P&amp;S blue 30g"},"content":{"rendered":"<p class=\"popis\">Tab\u00e1ky &#8211; P&amp;S blue 30g<\/p>\n<p class=\"vaha\"><strong>V\u00e1ha balen\u00ed brutto:\u00a0<\/strong> 35 g<\/p>\n<p class=\"18let\">Od 18 let<\/p>\n","protected":false},"excerpt":{"rendered":"<p>Tab\u00e1ky &#8211; P&amp;S blue 30g V\u00e1ha balen\u00ed brutto:\u00a0 35 g Od 18 let<\/p>\n","protected":false},"featured_media":1397,"template":"","meta":{"_et_pb_use_builder":"","_et_pb_old_content":"","_et_gb_content_width":"","inline_featured_image":false},"product_brand":[],"product_cat":[38],"product_tag":[42,17],"class_list":{"0":"post-1396","1":"product","2":"type-product","3":"status-publish","4":"has-post-thumbnail","6":"product_cat-tabaky","7":"product_tag-narokovy-balik","8":"product_tag-od-18-let","10":"first","11":"instock","12":"taxable","13":"shipping-taxable","14":"purchasable","15":"product-type-simple"},"_links":{"self":[{"href":"https:\/\/www.balicenka.cz\/narok\/wp-json\/wp\/v2\/product\/1396","targetHints":{"allow":["GET"]}}],"collection":[{"href":"https:\/\/www.balicenka.cz\/narok\/wp-json\/wp\/v2\/product"}],"about":[{"href":"https:\/\/www.balicenka.cz\/narok\/wp-json\/wp\/v2\/types\/product"}],"wp:featuredmedia":[{"embeddable":true,"href":"https:\/\/www.balicenka.cz\/narok\/wp-json\/wp\/v2\/media\/1397"}],"wp:attachment":[{"href":"https:\/\/www.balicenka.cz\/narok\/wp-json\/wp\/v2\/media?parent=1396"}],"wp:term":[{"taxonomy":"product_brand","embeddable":true,"href":"https:\/\/www.balicenka.cz\/narok\/wp-json\/wp\/v2\/product_brand?post=1396"},{"taxonomy":"product_cat","embeddable":true,"href":"https:\/\/www.balicenka.cz\/narok\/wp-json\/wp\/v2\/product_cat?post=1396"},{"taxonomy":"product_tag","embeddable":true,"href":"https:\/\/www.balicenka.cz\/narok\/wp-json\/wp\/v2\/product_tag?post=1396"}],"curies":[{"name":"wp","href":"https:\/\/api.w.org\/{rel}","templated":true}]}}