{"id":1241,"date":"2020-10-16T14:00:44","date_gmt":"2020-10-16T12:00:44","guid":{"rendered":"https:\/\/www.balicenka.cz\/narok\/produkt\/cigaretove-filtry-aska-120ks\/"},"modified":"2025-02-07T16:55:33","modified_gmt":"2025-02-07T15:55:33","slug":"cigaretove-filtry-aska-120ks","status":"publish","type":"product","link":"https:\/\/www.balicenka.cz\/narok\/produkt\/cigaretove-filtry-aska-120ks\/","title":{"rendered":"Cigaretov\u00e9 filtry Aska 120ks"},"content":{"rendered":"<p class=\"popis\">Ku\u0159\u00e1ck\u00e9 pot\u0159eby &#8211; Cigaretov\u00e9 filtry Aska 120ks<\/p>\n<p class=\"vaha\"><strong>V\u00e1ha balen\u00ed brutto:\u00a0<\/strong> 12 g<\/p>\n<p class=\"18let\">Od 18 let<\/p>\n","protected":false},"excerpt":{"rendered":"<p>Ku\u0159\u00e1ck\u00e9 pot\u0159eby &#8211; Cigaretov\u00e9 filtry Aska 120ks V\u00e1ha balen\u00ed brutto:\u00a0 12 g Od 18 let<\/p>\n","protected":false},"featured_media":1242,"template":"","meta":{"_et_pb_use_builder":"","_et_pb_old_content":"","_et_gb_content_width":"","inline_featured_image":false},"product_brand":[],"product_cat":[28],"product_tag":[42,17],"class_list":{"0":"post-1241","1":"product","2":"type-product","3":"status-publish","4":"has-post-thumbnail","6":"product_cat-kuracke-potreby","7":"product_tag-narokovy-balik","8":"product_tag-od-18-let","10":"first","11":"instock","12":"taxable","13":"shipping-taxable","14":"purchasable","15":"product-type-simple"},"_links":{"self":[{"href":"https:\/\/www.balicenka.cz\/narok\/wp-json\/wp\/v2\/product\/1241","targetHints":{"allow":["GET"]}}],"collection":[{"href":"https:\/\/www.balicenka.cz\/narok\/wp-json\/wp\/v2\/product"}],"about":[{"href":"https:\/\/www.balicenka.cz\/narok\/wp-json\/wp\/v2\/types\/product"}],"wp:featuredmedia":[{"embeddable":true,"href":"https:\/\/www.balicenka.cz\/narok\/wp-json\/wp\/v2\/media\/1242"}],"wp:attachment":[{"href":"https:\/\/www.balicenka.cz\/narok\/wp-json\/wp\/v2\/media?parent=1241"}],"wp:term":[{"taxonomy":"product_brand","embeddable":true,"href":"https:\/\/www.balicenka.cz\/narok\/wp-json\/wp\/v2\/product_brand?post=1241"},{"taxonomy":"product_cat","embeddable":true,"href":"https:\/\/www.balicenka.cz\/narok\/wp-json\/wp\/v2\/product_cat?post=1241"},{"taxonomy":"product_tag","embeddable":true,"href":"https:\/\/www.balicenka.cz\/narok\/wp-json\/wp\/v2\/product_tag?post=1241"}],"curies":[{"name":"wp","href":"https:\/\/api.w.org\/{rel}","templated":true}]}}