{"id":156,"date":"2020-10-16T16:24:05","date_gmt":"2020-10-16T14:24:05","guid":{"rendered":"https:\/\/www.balicenka.cz\/kilovka\/produkt\/po%c2%9atovni-znamka-b\/"},"modified":"2025-02-07T16:51:05","modified_gmt":"2025-02-07T15:51:05","slug":"po%c2%9atovni-znamka-b","status":"publish","type":"product","link":"https:\/\/www.balicenka.cz\/kilovka\/produkt\/po%c2%9atovni-znamka-b\/","title":{"rendered":"Po\u0161tovn\u00ed zn\u00e1mka B"},"content":{"rendered":"<p class=\"popis\">Po\u0161tovn\u00ed zn\u00e1mky &#8211; Po\u0161tovn\u00ed zn\u00e1mka B<\/p>\n<p class=\"vaha\"><strong>V\u00e1ha balen\u00ed brutto:\u00a0<\/strong> 1 g<\/p>\n<p class=\"18let\">\n","protected":false},"excerpt":{"rendered":"<p>Po\u0161tovn\u00ed zn\u00e1mky &#8211; Po\u0161tovn\u00ed zn\u00e1mka B V\u00e1ha balen\u00ed brutto:\u00a0 1 g<\/p>\n","protected":false},"featured_media":157,"comment_status":"closed","ping_status":"closed","template":"","meta":{"_et_pb_use_builder":"","_et_pb_old_content":"","_et_gb_content_width":"","inline_featured_image":false},"product_brand":[],"product_cat":[20],"product_tag":[],"class_list":{"0":"post-156","1":"product","2":"type-product","3":"status-publish","4":"has-post-thumbnail","6":"product_cat-postovni-znamky","8":"first","9":"instock","10":"taxable","11":"shipping-taxable","12":"purchasable","13":"product-type-simple"},"_links":{"self":[{"href":"https:\/\/www.balicenka.cz\/kilovka\/wp-json\/wp\/v2\/product\/156","targetHints":{"allow":["GET"]}}],"collection":[{"href":"https:\/\/www.balicenka.cz\/kilovka\/wp-json\/wp\/v2\/product"}],"about":[{"href":"https:\/\/www.balicenka.cz\/kilovka\/wp-json\/wp\/v2\/types\/product"}],"replies":[{"embeddable":true,"href":"https:\/\/www.balicenka.cz\/kilovka\/wp-json\/wp\/v2\/comments?post=156"}],"wp:featuredmedia":[{"embeddable":true,"href":"https:\/\/www.balicenka.cz\/kilovka\/wp-json\/wp\/v2\/media\/157"}],"wp:attachment":[{"href":"https:\/\/www.balicenka.cz\/kilovka\/wp-json\/wp\/v2\/media?parent=156"}],"wp:term":[{"taxonomy":"product_brand","embeddable":true,"href":"https:\/\/www.balicenka.cz\/kilovka\/wp-json\/wp\/v2\/product_brand?post=156"},{"taxonomy":"product_cat","embeddable":true,"href":"https:\/\/www.balicenka.cz\/kilovka\/wp-json\/wp\/v2\/product_cat?post=156"},{"taxonomy":"product_tag","embeddable":true,"href":"https:\/\/www.balicenka.cz\/kilovka\/wp-json\/wp\/v2\/product_tag?post=156"}],"curies":[{"name":"wp","href":"https:\/\/api.w.org\/{rel}","templated":true}]}}